{"id":2,"date":"2014-12-11T10:55:12","date_gmt":"2014-12-11T10:55:12","guid":{"rendered":"http:\/\/borderlinefilms.fr\/?page_id=2"},"modified":"2019-05-23T12:20:34","modified_gmt":"2019-05-23T10:20:34","slug":"page-d-exemple","status":"publish","type":"page","link":"https:\/\/borderlinefilms.fr\/?page_id=2","title":{"rendered":"Jobs !"},"content":{"rendered":"<p style=\"text-align: justify;\">Borderline Films recherche en permanence de nouveaux collaborateurs et de nouveaux projets.<\/p>\n<p style=\"text-align: justify;\">Si vous ne trouvez pas votre bonheur dans les offres, n&#8217;h\u00e9sitez pas \u00e0 nous envoyer une candidature spontan\u00e9e !<\/p>\n<div style=\"text-align: justify;\">Merci d&#8217;envoyer\u00a0<span style=\"text-decoration: underline;\">un seul\u00a0mail<\/span> avec:<\/div>\n<div style=\"text-align: justify;\">&#8211; votre CV en PDF<\/div>\n<div style=\"text-align: justify;\">&#8211; votre book en PDF si n\u00e9cessaire<\/div>\n<div style=\"text-align: justify;\">&#8211; un lien vers votre bande d\u00e9mo.<\/div>\n<div style=\"text-align: justify;\">Nous recevons de nombreuses candidatures et comme nous sommes une jeune soci\u00e9t\u00e9, nous n&#8217;avons pas la capacit\u00e9 de toutes les traiter aussi :<\/div>\n<div style=\"text-align: justify;\">&#8211; les r\u00e9ponses peuvent prendre du temps<\/div>\n<div style=\"text-align: justify;\">&#8211; toute candidature ne respectant pas les demandes \u00e9num\u00e9r\u00e9es ci-dessus ne seront pas prises en compte.<\/div>\n<div style=\"text-align: justify;\">En vous remerciant pour l&#8217;int\u00e9r\u00eat que vous portez \u00e0 notre travail.<\/div>\n<p style=\"text-align: justify;\"><strong>recrutement[at]borderlinefilms.fr<\/strong><\/p>\n<p>&nbsp;<\/p>\n<h3 style=\"text-align: left;\">* * *<\/h3>\n<p style=\"text-align: justify;\"><em>Borderline Films is always looking for new talents and new projects.<\/em><\/p>\n<p style=\"text-align: justify;\"><em>If no job offer suits you, do not hesitate to send us your free application !<\/em><\/p>\n<div style=\"text-align: justify;\"><em>Please send <span style=\"text-decoration: underline;\">ONE<\/span> email with:\u00a0<\/em><\/div>\n<div style=\"text-align: justify;\"><em>&#8211;\u00a0your r\u00e9sum\u00e9 as PDF<\/em><\/div>\n<div style=\"text-align: justify;\"><em>&#8211;\u00a0Your book as PDF if necessary<\/em><\/div>\n<div style=\"text-align: justify;\"><em>&#8211;\u00a0a link to your demo reel.<\/em><\/div>\n<div style=\"text-align: justify;\"><em>We receive a lot of applications and have only a limited capacity answering them so :<\/em><\/div>\n<div style=\"text-align: justify;\"><em>&#8211;\u00a0you may wait a while for answers<\/em><\/div>\n<div style=\"text-align: justify;\"><em>&#8211;\u00a0if you don&#8217;t respect the rules above, you may wait forever.<\/em><\/div>\n<div style=\"text-align: justify;\"><em>Thanks for your interest in our work.<\/em><\/div>\n<p style=\"text-align: justify;\"><strong>recrutement[at]borderlinefilms.fr<\/strong><\/p>\n","protected":false},"excerpt":{"rendered":"<p>Borderline Films recherche en permanence de nouveaux collaborateurs et de nouveaux projets. Si vous ne trouvez pas votre bonheur dans les offres, n&#8217;h\u00e9sitez pas \u00e0 nous envoyer une candidature spontan\u00e9e ! Merci d&#8217;envoyer\u00a0un seul\u00a0mail avec: &#8211; votre CV en PDF &hellip; <a href=\"https:\/\/borderlinefilms.fr\/?page_id=2\">Continued<\/a><\/p>\n","protected":false},"author":1,"featured_media":0,"parent":0,"menu_order":6,"comment_status":"closed","ping_status":"closed","template":"page-feature.php","meta":{"kt_blocks_editor_width":"","footnotes":"","_vp_format_video_url":"","_vp_image_focal_point":[]},"_links":{"self":[{"href":"https:\/\/borderlinefilms.fr\/index.php?rest_route=\/wp\/v2\/pages\/2"}],"collection":[{"href":"https:\/\/borderlinefilms.fr\/index.php?rest_route=\/wp\/v2\/pages"}],"about":[{"href":"https:\/\/borderlinefilms.fr\/index.php?rest_route=\/wp\/v2\/types\/page"}],"author":[{"embeddable":true,"href":"https:\/\/borderlinefilms.fr\/index.php?rest_route=\/wp\/v2\/users\/1"}],"replies":[{"embeddable":true,"href":"https:\/\/borderlinefilms.fr\/index.php?rest_route=%2Fwp%2Fv2%2Fcomments&post=2"}],"version-history":[{"count":12,"href":"https:\/\/borderlinefilms.fr\/index.php?rest_route=\/wp\/v2\/pages\/2\/revisions"}],"predecessor-version":[{"id":487,"href":"https:\/\/borderlinefilms.fr\/index.php?rest_route=\/wp\/v2\/pages\/2\/revisions\/487"}],"wp:attachment":[{"href":"https:\/\/borderlinefilms.fr\/index.php?rest_route=%2Fwp%2Fv2%2Fmedia&parent=2"}],"curies":[{"name":"wp","href":"https:\/\/api.w.org\/{rel}","templated":true}]}}