{"id":277,"date":"2016-12-08T10:58:32","date_gmt":"2016-12-08T10:58:32","guid":{"rendered":"http:\/\/borderlinefilms.fr\/?page_id=277"},"modified":"2023-07-31T11:12:36","modified_gmt":"2023-07-31T09:12:36","slug":"a-propos","status":"publish","type":"page","link":"https:\/\/borderlinefilms.fr\/?page_id=277","title":{"rendered":"\u00c0 propos"},"content":{"rendered":"<h3>Schmuby Productions \/ Borderline Films<\/h3>\n<p>Partenaire privil\u00e9gi\u00e9 en coproduction de plusieurs projets initi\u00e9s par <strong>Autour de Minuit<\/strong> (Peripheria, Jean-MichelSuper Caribou, Non Non, Sous le cartilage des c\u00f4tes) <strong>Borderline Films<\/strong> a coproduit \u00e9galement des projets d\u2019autres soci\u00e9t\u00e9s (La Mort p\u00e8re et fils avec JSBC, A la mode avec2.4.7) tout en d\u00e9veloppant une activit\u00e9 de producteur ex\u00e9cutif et de prestataire de services (MarsExpress, Menino, Hide, Pachamama, Les Enfants d\u2019Okura, Flipp\u00e9, Ronde de Nuit, Swallow The Universe).<\/p>\n<p><strong>Borderline Films<\/strong> continue \u00e0 d\u00e9velopper les activit\u00e9s avec notamment la mise en production du long m\u00e9trage Unicorn Wars, tout en initiant de nouveaux projets de court et longs m\u00e9trages (Les Ombres, Ronde de nuit, El After del Mundo&#8230;)<\/p>\n<p><a href=\"http:\/\/borderlinefilms.fr\/wp-content\/uploads\/2016\/12\/UNICORN_WARS_TRAILER_07.png\"><img loading=\"lazy\" decoding=\"async\" class=\"alignleft wp-image-507\" src=\"http:\/\/borderlinefilms.fr\/wp-content\/uploads\/2016\/12\/UNICORN_WARS_TRAILER_07-300x158.png\" alt=\"Unicorn Wars d'Alberto Vazquez\" width=\"338\" height=\"178\" srcset=\"https:\/\/borderlinefilms.fr\/wp-content\/uploads\/2016\/12\/UNICORN_WARS_TRAILER_07-300x158.png 300w, https:\/\/borderlinefilms.fr\/wp-content\/uploads\/2016\/12\/UNICORN_WARS_TRAILER_07-768x405.png 768w, https:\/\/borderlinefilms.fr\/wp-content\/uploads\/2016\/12\/UNICORN_WARS_TRAILER_07-1024x540.png 1024w, https:\/\/borderlinefilms.fr\/wp-content\/uploads\/2016\/12\/UNICORN_WARS_TRAILER_07.png 1920w\" sizes=\"(max-width: 338px) 100vw, 338px\" \/><\/a><\/p>\n<p><strong><em>Unicorn Wars<\/em><\/strong>, <em>le prochain long m\u00e9trage d\u2019Alberto Vazquez (r\u00e9compens\u00e9 de deux Goyas pour Decorado et Psiconautas) fait le r\u00e9cit d\u2019une guerre fantastique m\u00e9langeant drame et humour, et relatant la guerre ancestrale entre les oursons et les licornes. Le soldat C\u00e9lestine convoite le sang des licornes, car comme le pr\u00e9dit le Livre Sacr\u00e9 des oursons, le boire rend \u00e9ternellement beau. Son fr\u00e8re Bouboule, lui, n\u2019est pas fait pour la guerre. Il est peu s\u00fbr de lui, obs\u00e9d\u00e9 par la nourriture et ne cherche qu\u2019\u00e0 \u00eatre aim\u00e9 par son fr\u00e8re et ses camarades de r\u00e9giment. Une unit\u00e9 d\u2019oursons peu pr\u00e9par\u00e9e quitte le camp d\u2019entrainement pour une mission dans la For\u00eat Magique, qui finira par d\u00e9clencher la terrible bataille finale.<\/em><\/p>\n<p style=\"text-align: justify;\">Toujours engag\u00e9 en tant que producteur ou prestataire sur des projets de courts m\u00e9trages, longs m\u00e9trages mais aussi s\u00e9ries d\u2019animation, le studio angoumoisin continuera d\u2019afficher fi\u00e8rement son ambition d\u2019\u00eatre reconnu en tant que label de qualit\u00e9 et d\u2019originalit\u00e9 au c\u0153ur du p\u00f4le fran\u00e7ais de cr\u00e9ation d\u2019animation<\/p>\n<figure id=\"attachment_628\" class=\"thumbnail wp-caption alignleft\" style=\"width: 281px\"><a href=\"http:\/\/borderlinefilms.fr\/wp-content\/uploads\/2021\/06\/download.jpg\"><img loading=\"lazy\" decoding=\"async\" class=\"wp-image-628\" src=\"http:\/\/borderlinefilms.fr\/wp-content\/uploads\/2021\/06\/download.jpg\" alt=\"Les Ombres\" width=\"281\" height=\"168\" \/><\/a><figcaption class=\"caption wp-caption-text\"><em><strong>\u00a9 Les Ombres <\/strong><\/em><\/figcaption><\/figure>\n<figure id=\"attachment_504\" class=\"thumbnail wp-caption alignright\" style=\"width: 300px\"><a href=\"http:\/\/borderlinefilms.fr\/wp-content\/uploads\/2019\/05\/CM2_Ronde-de-Nuit_Julien-Regnard_v3.jpg\"><img loading=\"lazy\" decoding=\"async\" class=\"wp-image-504 size-medium\" src=\"http:\/\/borderlinefilms.fr\/wp-content\/uploads\/2019\/05\/CM2_Ronde-de-Nuit_Julien-Regnard_v3-300x162.jpg\" alt=\"Ronde de Nuit\" width=\"300\" height=\"162\" srcset=\"https:\/\/borderlinefilms.fr\/wp-content\/uploads\/2019\/05\/CM2_Ronde-de-Nuit_Julien-Regnard_v3-300x162.jpg 300w, https:\/\/borderlinefilms.fr\/wp-content\/uploads\/2019\/05\/CM2_Ronde-de-Nuit_Julien-Regnard_v3-768x415.jpg 768w, https:\/\/borderlinefilms.fr\/wp-content\/uploads\/2019\/05\/CM2_Ronde-de-Nuit_Julien-Regnard_v3-1024x554.jpg 1024w, https:\/\/borderlinefilms.fr\/wp-content\/uploads\/2019\/05\/CM2_Ronde-de-Nuit_Julien-Regnard_v3.jpg 2075w\" sizes=\"(max-width: 300px) 100vw, 300px\" \/><\/a><figcaption class=\"caption wp-caption-text\"><em><strong>\u00a9 Ronde de Nuit<\/strong><\/em><\/figcaption><\/figure>\n\n\n<p><\/p>\n","protected":false},"excerpt":{"rendered":"<p>Schmuby Productions \/ Borderline Films Partenaire privil\u00e9gi\u00e9 en coproduction de plusieurs projets initi\u00e9s par Autour de Minuit (Peripheria, Jean-MichelSuper Caribou, Non Non, Sous le cartilage des c\u00f4tes) Borderline Films a coproduit \u00e9galement des projets d\u2019autres soci\u00e9t\u00e9s (La Mort p\u00e8re et &hellip; <a href=\"https:\/\/borderlinefilms.fr\/?page_id=277\">Continued<\/a><\/p>\n","protected":false},"author":2,"featured_media":488,"parent":0,"menu_order":3,"comment_status":"closed","ping_status":"closed","template":"page-feature.php","meta":{"kt_blocks_editor_width":"","footnotes":"","_vp_format_video_url":"","_vp_image_focal_point":[]},"_links":{"self":[{"href":"https:\/\/borderlinefilms.fr\/index.php?rest_route=\/wp\/v2\/pages\/277"}],"collection":[{"href":"https:\/\/borderlinefilms.fr\/index.php?rest_route=\/wp\/v2\/pages"}],"about":[{"href":"https:\/\/borderlinefilms.fr\/index.php?rest_route=\/wp\/v2\/types\/page"}],"author":[{"embeddable":true,"href":"https:\/\/borderlinefilms.fr\/index.php?rest_route=\/wp\/v2\/users\/2"}],"replies":[{"embeddable":true,"href":"https:\/\/borderlinefilms.fr\/index.php?rest_route=%2Fwp%2Fv2%2Fcomments&post=277"}],"version-history":[{"count":103,"href":"https:\/\/borderlinefilms.fr\/index.php?rest_route=\/wp\/v2\/pages\/277\/revisions"}],"predecessor-version":[{"id":1009,"href":"https:\/\/borderlinefilms.fr\/index.php?rest_route=\/wp\/v2\/pages\/277\/revisions\/1009"}],"wp:featuredmedia":[{"embeddable":true,"href":"https:\/\/borderlinefilms.fr\/index.php?rest_route=\/wp\/v2\/media\/488"}],"wp:attachment":[{"href":"https:\/\/borderlinefilms.fr\/index.php?rest_route=%2Fwp%2Fv2%2Fmedia&parent=277"}],"curies":[{"name":"wp","href":"https:\/\/api.w.org\/{rel}","templated":true}]}}